{"id":682,"date":"2015-10-02T16:46:57","date_gmt":"2015-10-02T14:46:57","guid":{"rendered":"https:\/\/www.collet-sas.com\/?page_id=682&#038;lang=de"},"modified":"2020-04-09T09:34:20","modified_gmt":"2020-04-09T07:34:20","slug":"performance-produkte","status":"publish","type":"page","link":"https:\/\/www.collet-sas.com\/de\/maerkte\/performance-produkte\/","title":{"rendered":"Performance Produkte"},"content":{"rendered":"\n<h3 class=\"wp-block-heading\">Herstellung von Performance Produkten<\/h3>\n\n\n<p>Aufgrund seiner vielseitigen Industrieerfahrung und seiner Berufsethik im Bereich der Vertraulichkeit ist COLLET der unumg\u00e4ngliche Industriepartner zur \u00dcbernahme der Herstellung von Performance- und\/oder Spezialprodukten.<\/p>\n\n\n<figure class=\"wp-block-image size-large\"><img loading=\"lazy\" decoding=\"async\" width=\"1024\" height=\"574\" src=\"https:\/\/www.collet-sas.com\/wp-content\/uploads\/2015\/03\/Produits-de-performance-1024x574.jpg\" alt=\"\" class=\"wp-image-293\" srcset=\"https:\/\/www.collet-sas.com\/wp-content\/uploads\/2015\/03\/Produits-de-performance-1024x574.jpg 1024w, https:\/\/www.collet-sas.com\/wp-content\/uploads\/2015\/03\/Produits-de-performance-300x168.jpg 300w\" sizes=\"auto, (max-width: 1024px) 100vw, 1024px\" \/><\/figure>\n\n\n\n<h3 class=\"wp-block-heading\">Analyse Ihrer Bed\u00fcrfnisse<\/h3>\n\n\n<p>COLLET SAS betreibt mit seiner seit dem Jahre 1946 kumulierten Erfahrung mehrere voneinander unabh\u00e4ngige Herstellbetriebe und \u00e4u\u00dferst vielf\u00e4ltige Industrieanlagen. Diese Vorteile erm\u00f6glichen uns, als Entwicklungspartner von Industriebetrieben immer die passende L\u00f6sung bei der Gestaltung neuer Produkte zu finden.<\/p>\n\n\n<figure class=\"wp-block-image size-large\"><img loading=\"lazy\" decoding=\"async\" width=\"1024\" height=\"574\" src=\"https:\/\/www.collet-sas.com\/wp-content\/uploads\/2014\/12\/DSC00993-1024x574.jpg\" alt=\"\" class=\"wp-image-475\" srcset=\"https:\/\/www.collet-sas.com\/wp-content\/uploads\/2014\/12\/DSC00993-1024x574.jpg 1024w, https:\/\/www.collet-sas.com\/wp-content\/uploads\/2014\/12\/DSC00993-300x168.jpg 300w\" sizes=\"auto, (max-width: 1024px) 100vw, 1024px\" \/><\/figure>\n\n\n<p>COLLET liefert derzeit beispielsweise Prozess- und Hydraulik\u00f6le, Schmiermittel f\u00fcr Antriebsketten, \u00d6le f\u00fcr motorisierte Werkzeuge, Staubschutzlacke (f\u00fcr die D\u00fcngemittel-, Sprengstoff- und Dachzielgenindustrie), Schmierfette f\u00fcr offenliegende Zahnradantriebe (f\u00fcr Jahrmarktkarussells und Zuckerrohrm\u00fchlen) und anwuchsverhindernde Anstriche f\u00fcr Bootsk\u00f6rper.<\/p>","protected":false},"excerpt":{"rendered":"<p>Herstellung von Performance Produkten Aufgrund seiner vielseitigen Industrieerfahrung und seiner Berufsethik im Bereich der Vertraulichkeit ist COLLET der unumg\u00e4ngliche Industriepartner zur \u00dcbernahme der Herstellung von Performance- und\/oder Spezialprodukten. Analyse Ihrer Bed\u00fcrfnisse COLLET SAS betreibt mit seiner seit dem Jahre 1946 kumulierten Erfahrung mehrere voneinander unabh\u00e4ngige Herstellbetriebe und \u00e4u\u00dferst vielf\u00e4ltige Industrieanlagen. Diese Vorteile erm\u00f6glichen uns, als [&hellip;]<\/p>\n","protected":false},"author":2,"featured_media":0,"parent":706,"menu_order":0,"comment_status":"closed","ping_status":"closed","template":"gabarits\/fullpage-colonne1.php","meta":{"_acf_changed":false,"footnotes":""},"class_list":["post-682","page","type-page","status-publish","hentry"],"acf":[],"aioseo_notices":[],"_links":{"self":[{"href":"https:\/\/www.collet-sas.com\/de\/wp-json\/wp\/v2\/pages\/682","targetHints":{"allow":["GET"]}}],"collection":[{"href":"https:\/\/www.collet-sas.com\/de\/wp-json\/wp\/v2\/pages"}],"about":[{"href":"https:\/\/www.collet-sas.com\/de\/wp-json\/wp\/v2\/types\/page"}],"author":[{"embeddable":true,"href":"https:\/\/www.collet-sas.com\/de\/wp-json\/wp\/v2\/users\/2"}],"replies":[{"embeddable":true,"href":"https:\/\/www.collet-sas.com\/de\/wp-json\/wp\/v2\/comments?post=682"}],"version-history":[{"count":2,"href":"https:\/\/www.collet-sas.com\/de\/wp-json\/wp\/v2\/pages\/682\/revisions"}],"predecessor-version":[{"id":1967,"href":"https:\/\/www.collet-sas.com\/de\/wp-json\/wp\/v2\/pages\/682\/revisions\/1967"}],"up":[{"embeddable":true,"href":"https:\/\/www.collet-sas.com\/de\/wp-json\/wp\/v2\/pages\/706"}],"wp:attachment":[{"href":"https:\/\/www.collet-sas.com\/de\/wp-json\/wp\/v2\/media?parent=682"}],"curies":[{"name":"wp","href":"https:\/\/api.w.org\/{rel}","templated":true}]}}